{"id":350,"date":"2024-06-26T18:51:01","date_gmt":"2024-06-26T18:51:01","guid":{"rendered":"https:\/\/telconet.com.ar\/?page_id=350"},"modified":"2025-08-22T18:50:33","modified_gmt":"2025-08-22T18:50:33","slug":"cuentas-de-mails","status":"publish","type":"page","link":"https:\/\/telconet.com.ar\/?page_id=350","title":{"rendered":"CUENTAS DE MAILS."},"content":{"rendered":"<p>[et_pb_section fb_built=&#8221;1&#8243; _builder_version=&#8221;4.20.4&#8243; _module_preset=&#8221;default&#8221; custom_margin=&#8221;0px||0px||false|false&#8221; custom_padding=&#8221;0px||0px||false|false&#8221; global_colors_info=&#8221;{}&#8221; global_module=&#8221;410&#8243; theme_builder_area=&#8221;post_content&#8221;][et_pb_row column_structure=&#8221;1_4,1_4,1_4,1_4&#8243; use_custom_gutter=&#8221;on&#8221; gutter_width=&#8221;1&#8243; _builder_version=&#8221;4.20.4&#8243; _module_preset=&#8221;default&#8221; use_background_color_gradient=&#8221;on&#8221; background_color_gradient_stops=&#8221;#00438a 0%|#00243a 100%&#8221; width=&#8221;100%&#8221; max_width=&#8221;2560px&#8221; custom_margin=&#8221;0px|0px|0px|0px|false|false&#8221; custom_padding=&#8221;0px|0px|0px|0px|false|false&#8221; border_width_top=&#8221;2px&#8221; border_color_top=&#8221;#FFFFFF&#8221; global_colors_info=&#8221;{}&#8221; theme_builder_area=&#8221;post_content&#8221;][et_pb_column type=&#8221;1_4&#8243; _builder_version=&#8221;4.20.4&#8243; _module_preset=&#8221;default&#8221; background_enable_color=&#8221;off&#8221; global_colors_info=&#8221;{}&#8221; theme_builder_area=&#8221;post_content&#8221;][et_pb_image src=&#8221;https:\/\/telconet.com.ar\/wp-content\/uploads\/2024\/06\/speedtest-logo@logotyp.us-01.png&#8221; title_text=&#8221;speedtest-logo@logotyp.us-01&#8243; url=&#8221;http:\/\/telconet.speedtestcustom.com\/&#8221; url_new_window=&#8221;on&#8221; _builder_version=&#8221;4.20.4&#8243; _module_preset=&#8221;default&#8221; background_color=&#8221;RGBA(255,255,255,0)&#8221; border_width_right=&#8221;2px&#8221; border_color_right=&#8221;#FFFFFF&#8221; global_colors_info=&#8221;{}&#8221; theme_builder_area=&#8221;post_content&#8221;][\/et_pb_image][\/et_pb_column][et_pb_column type=&#8221;1_4&#8243; _builder_version=&#8221;4.20.4&#8243; _module_preset=&#8221;default&#8221; global_colors_info=&#8221;{}&#8221; theme_builder_area=&#8221;post_content&#8221;][et_pb_image src=&#8221;https:\/\/telconet.com.ar\/wp-content\/uploads\/2024\/06\/speedtest-logo@logotyp.us-02.png&#8221; title_text=&#8221;speedtest-logo@logotyp.us-02&#8243; url=&#8221;http:\/\/monitoreo.equal.com.ar\/index.htm&#8221; url_new_window=&#8221;on&#8221; _builder_version=&#8221;4.20.4&#8243; _module_preset=&#8221;default&#8221; border_width_right=&#8221;2px&#8221; border_color_right=&#8221;#FFFFFF&#8221; global_colors_info=&#8221;{}&#8221; theme_builder_area=&#8221;post_content&#8221;][\/et_pb_image][\/et_pb_column][et_pb_column type=&#8221;1_4&#8243; _builder_version=&#8221;4.20.4&#8243; _module_preset=&#8221;default&#8221; global_colors_info=&#8221;{}&#8221; theme_builder_area=&#8221;post_content&#8221;][et_pb_image src=&#8221;https:\/\/telconet.com.ar\/wp-content\/uploads\/2024\/06\/speedtest-logo@logotyp.us-03.png&#8221; title_text=&#8221;speedtest-logo@logotyp.us-03&#8243; url=&#8221;http:\/\/tickets.equal.com.ar\/User\/login&#8221; url_new_window=&#8221;on&#8221; _builder_version=&#8221;4.20.4&#8243; _module_preset=&#8221;default&#8221; border_width_right=&#8221;2px&#8221; border_color_right=&#8221;#FFFFFF&#8221; global_colors_info=&#8221;{}&#8221; theme_builder_area=&#8221;post_content&#8221;][\/et_pb_image][\/et_pb_column][et_pb_column type=&#8221;1_4&#8243; _builder_version=&#8221;4.20.4&#8243; _module_preset=&#8221;default&#8221; global_colors_info=&#8221;{}&#8221; theme_builder_area=&#8221;post_content&#8221;][et_pb_image src=&#8221;https:\/\/telconet.com.ar\/wp-content\/uploads\/2024\/06\/speedtest-logo@logotyp.us-05.png&#8221; title_text=&#8221;IoT Telconet Comunicaciones Globales&#8221; _builder_version=&#8221;4.20.4&#8243; _module_preset=&#8221;default&#8221; background_video_mp4=&#8221;https:\/\/telconet.com.ar\/wp-content\/uploads\/2024\/06\/IoT-Telconet-Comunicaciones-Globales.mp4&#8243; global_colors_info=&#8221;{}&#8221; theme_builder_area=&#8221;post_content&#8221;][\/et_pb_image][\/et_pb_column][\/et_pb_row][\/et_pb_section][et_pb_section fb_built=&#8221;1&#8243; _builder_version=&#8221;4.20.4&#8243; _module_preset=&#8221;default&#8221; global_colors_info=&#8221;{}&#8221;][et_pb_row _builder_version=&#8221;4.20.4&#8243; _module_preset=&#8221;default&#8221; width=&#8221;85%&#8221; max_width=&#8221;2560px&#8221; animation_style=&#8221;fade&#8221; global_colors_info=&#8221;{}&#8221;][et_pb_column type=&#8221;4_4&#8243; _builder_version=&#8221;4.20.4&#8243; _module_preset=&#8221;default&#8221; global_colors_info=&#8221;{}&#8221;][et_pb_text _builder_version=&#8221;4.20.4&#8243; _module_preset=&#8221;default&#8221; global_colors_info=&#8221;{}&#8221;]<\/p>\n<h1 class=\"c-font-23\"><span>CUENTAS DE MAILS.<\/span><\/h1>\n<h6 class=\"c-font-23\"><span><\/span>Servicios de Correo<\/h6>\n<p>[\/et_pb_text][\/et_pb_column][\/et_pb_row][et_pb_row column_structure=&#8221;1_2,1_2&#8243; use_custom_gutter=&#8221;on&#8221; gutter_width=&#8221;2&#8243; _builder_version=&#8221;4.20.4&#8243; _module_preset=&#8221;default&#8221; width=&#8221;85%&#8221; max_width=&#8221;2560px&#8221; animation_style=&#8221;slide&#8221; animation_direction=&#8221;bottom&#8221; animation_duration=&#8221;1100ms&#8221; animation_intensity_slide=&#8221;3%&#8221; global_colors_info=&#8221;{}&#8221;][et_pb_column type=&#8221;1_2&#8243; _builder_version=&#8221;4.20.4&#8243; _module_preset=&#8221;default&#8221; global_colors_info=&#8221;{}&#8221;][et_pb_text _builder_version=&#8221;4.20.4&#8243; _module_preset=&#8221;default&#8221; global_colors_info=&#8221;{}&#8221;]<\/p>\n<p>El servicio de correo electr\u00f3nico basic mail permite la comunicaci\u00f3n v\u00eda e-mail utilizando la infraestructura de datacenter. Los beneficios de contratar el servicio de basic mail de Metrotel son:<\/p>\n<p>Reemplazo de importantes inversiones en equipamiento y licencias de software por un accesible costo operativo mensual.<\/p>\n<p>Conectividad a Internet nacional e internacional multi-proveedor, permitiendo asegurar un alto nivel de disponibilidad de servicio.<\/p>\n<p>[\/et_pb_text][\/et_pb_column][et_pb_column type=&#8221;1_2&#8243; _builder_version=&#8221;4.20.4&#8243; _module_preset=&#8221;default&#8221; global_colors_info=&#8221;{}&#8221;][et_pb_text _builder_version=&#8221;4.20.4&#8243; _module_preset=&#8221;default&#8221; global_colors_info=&#8221;{}&#8221;]<\/p>\n<p>Las cuentas de mail pueden ser utilizadas con cualquiera de las principales plataformas de correo existentes en el mercado (Outlook, Thunderbird, Entourage, etc.). Mediante la utilizaci\u00f3n del protocolo POP3 tambi\u00e9n podr\u00e1 configurar sus cuentas en dispositivos m\u00f3viles (smartphone) y visualizar los mails directamente en el servidor sin la necesidad de descargarlos.<\/p>\n<p>Cada usuario tambi\u00e9n podr\u00e1 acceder a su cuenta de correo desde una plataforma web, lo que le brinda la comodidad de poder revisar sus mails desde cualquier dispositivo con acceso a Internet, sin necesidad de configurar un cliente de correo.<\/p>\n<p>Reducci\u00f3n de riesgos operativos, asociados al manejo de la infraestructura.<\/p>\n<p>[\/et_pb_text][\/et_pb_column][\/et_pb_row][et_pb_row column_structure=&#8221;1_4,1_4,1_4,1_4&#8243; use_custom_gutter=&#8221;on&#8221; gutter_width=&#8221;2&#8243; _builder_version=&#8221;4.20.4&#8243; _module_preset=&#8221;default&#8221; width=&#8221;85%&#8221; max_width=&#8221;2560px&#8221; global_colors_info=&#8221;{}&#8221;][et_pb_column type=&#8221;1_4&#8243; _builder_version=&#8221;4.20.4&#8243; _module_preset=&#8221;default&#8221; global_colors_info=&#8221;{}&#8221;][et_pb_text _builder_version=&#8221;4.20.4&#8243; _module_preset=&#8221;default&#8221; global_colors_info=&#8221;{}&#8221;]<\/p>\n<h4>Reduccion de riesgos<\/h4>\n<p>Reducci\u00f3n de riesgos operativos, asociados al manejo de la infraestructura.<\/p>\n<p>[\/et_pb_text][\/et_pb_column][et_pb_column type=&#8221;1_4&#8243; _builder_version=&#8221;4.20.4&#8243; _module_preset=&#8221;default&#8221; global_colors_info=&#8221;{}&#8221;][et_pb_text _builder_version=&#8221;4.20.4&#8243; _module_preset=&#8221;default&#8221; global_colors_info=&#8221;{}&#8221;]<\/p>\n<h4>Webmail<\/h4>\n<p>Plataforma de acceso seguro mediante usuario y contrase\u00f1a. Cada cuenta contar\u00e1 con un espacio en servidor de 200 MB.<\/p>\n<p>[\/et_pb_text][\/et_pb_column][et_pb_column type=&#8221;1_4&#8243; _builder_version=&#8221;4.20.4&#8243; _module_preset=&#8221;default&#8221; global_colors_info=&#8221;{}&#8221;][et_pb_text _builder_version=&#8221;4.20.4&#8243; _module_preset=&#8221;default&#8221; global_colors_info=&#8221;{}&#8221;]<\/p>\n<h4>DNS<\/h4>\n<p>En caso de requerirlo, podr\u00e1 contratar el servicio de DNS para la resoluci\u00f3n de los nombres de dominio que posea.<\/p>\n<p>[\/et_pb_text][\/et_pb_column][et_pb_column type=&#8221;1_4&#8243; _builder_version=&#8221;4.20.4&#8243; _module_preset=&#8221;default&#8221; global_colors_info=&#8221;{}&#8221;][et_pb_text _builder_version=&#8221;4.20.4&#8243; _module_preset=&#8221;default&#8221; global_colors_info=&#8221;{}&#8221;]<\/p>\n<h4>Correo<\/h4>\n<p>POP para todas las plataformas.<\/p>\n<p>[\/et_pb_text][\/et_pb_column][\/et_pb_row][et_pb_row use_custom_gutter=&#8221;on&#8221; gutter_width=&#8221;2&#8243; _builder_version=&#8221;4.20.4&#8243; _module_preset=&#8221;default&#8221; width=&#8221;85%&#8221; max_width=&#8221;2560px&#8221; global_colors_info=&#8221;{}&#8221;][et_pb_column type=&#8221;4_4&#8243; _builder_version=&#8221;4.20.4&#8243; _module_preset=&#8221;default&#8221; global_colors_info=&#8221;{}&#8221;][et_pb_button button_url=&#8221;https:\/\/telconet.com.ar\/?page_id=172&#8243; button_text=&#8221;Quiero el Servicio&#8230;&#8221; button_alignment=&#8221;center&#8221; _builder_version=&#8221;4.20.4&#8243; _module_preset=&#8221;default&#8221; global_colors_info=&#8221;{}&#8221;][\/et_pb_button][\/et_pb_column][\/et_pb_row][\/et_pb_section]<\/p>\n","protected":false},"excerpt":{"rendered":"<p>CUENTAS DE MAILS. Servicios de CorreoEl servicio de correo electr\u00f3nico basic mail permite la comunicaci\u00f3n v\u00eda e-mail utilizando la infraestructura de datacenter. Los beneficios de contratar el servicio de basic mail de Metrotel son: Reemplazo de importantes inversiones en equipamiento y licencias de software por un accesible costo operativo mensual. Conectividad a Internet nacional e [&hellip;]<\/p>\n","protected":false},"author":1,"featured_media":0,"parent":0,"menu_order":0,"comment_status":"closed","ping_status":"closed","template":"","meta":{"_et_pb_use_builder":"on","_et_pb_old_content":"","_et_gb_content_width":"","_joinchat":[],"footnotes":""},"class_list":["post-350","page","type-page","status-publish","hentry"],"yoast_head":"<!-- This site is optimized with the Yoast SEO plugin v25.9 - https:\/\/yoast.com\/wordpress\/plugins\/seo\/ -->\n<title>CUENTAS DE MAILS. - Telconet S.A<\/title>\n<meta name=\"robots\" content=\"index, follow, max-snippet:-1, max-image-preview:large, max-video-preview:-1\" \/>\n<link rel=\"canonical\" href=\"https:\/\/telconet.com.ar\/?page_id=350\" \/>\n<meta property=\"og:locale\" content=\"en_US\" \/>\n<meta property=\"og:type\" content=\"article\" \/>\n<meta property=\"og:title\" content=\"CUENTAS DE MAILS. - Telconet S.A\" \/>\n<meta property=\"og:description\" content=\"CUENTAS DE MAILS. Servicios de CorreoEl servicio de correo electr\u00f3nico basic mail permite la comunicaci\u00f3n v\u00eda e-mail utilizando la infraestructura de datacenter. Los beneficios de contratar el servicio de basic mail de Metrotel son: Reemplazo de importantes inversiones en equipamiento y licencias de software por un accesible costo operativo mensual. Conectividad a Internet nacional e [&hellip;]\" \/>\n<meta property=\"og:url\" content=\"https:\/\/telconet.com.ar\/?page_id=350\" \/>\n<meta property=\"og:site_name\" content=\"Telconet S.A\" \/>\n<meta property=\"article:publisher\" content=\"https:\/\/www.facebook.com\/telconet.com.ar\/\" \/>\n<meta property=\"article:modified_time\" content=\"2025-08-22T18:50:33+00:00\" \/>\n<meta name=\"twitter:card\" content=\"summary_large_image\" \/>\n<meta name=\"twitter:label1\" content=\"Est. reading time\" \/>\n\t<meta name=\"twitter:data1\" content=\"5 minutes\" \/>\n<script type=\"application\/ld+json\" class=\"yoast-schema-graph\">{\"@context\":\"https:\/\/schema.org\",\"@graph\":[{\"@type\":\"WebPage\",\"@id\":\"https:\/\/telconet.com.ar\/?page_id=350\",\"url\":\"https:\/\/telconet.com.ar\/?page_id=350\",\"name\":\"CUENTAS DE MAILS. - Telconet S.A\",\"isPartOf\":{\"@id\":\"https:\/\/telconet.com.ar\/#website\"},\"datePublished\":\"2024-06-26T18:51:01+00:00\",\"dateModified\":\"2025-08-22T18:50:33+00:00\",\"breadcrumb\":{\"@id\":\"https:\/\/telconet.com.ar\/?page_id=350#breadcrumb\"},\"inLanguage\":\"en-US\",\"potentialAction\":[{\"@type\":\"ReadAction\",\"target\":[\"https:\/\/telconet.com.ar\/?page_id=350\"]}]},{\"@type\":\"BreadcrumbList\",\"@id\":\"https:\/\/telconet.com.ar\/?page_id=350#breadcrumb\",\"itemListElement\":[{\"@type\":\"ListItem\",\"position\":1,\"name\":\"Home\",\"item\":\"https:\/\/telconet.com.ar\/\"},{\"@type\":\"ListItem\",\"position\":2,\"name\":\"CUENTAS DE MAILS.\"}]},{\"@type\":\"WebSite\",\"@id\":\"https:\/\/telconet.com.ar\/#website\",\"url\":\"https:\/\/telconet.com.ar\/\",\"name\":\"Telconet S.A\",\"description\":\"Internet de calidad\",\"publisher\":{\"@id\":\"https:\/\/telconet.com.ar\/#organization\"},\"potentialAction\":[{\"@type\":\"SearchAction\",\"target\":{\"@type\":\"EntryPoint\",\"urlTemplate\":\"https:\/\/telconet.com.ar\/?s={search_term_string}\"},\"query-input\":{\"@type\":\"PropertyValueSpecification\",\"valueRequired\":true,\"valueName\":\"search_term_string\"}}],\"inLanguage\":\"en-US\"},{\"@type\":\"Organization\",\"@id\":\"https:\/\/telconet.com.ar\/#organization\",\"name\":\"Telconet S.A\",\"url\":\"https:\/\/telconet.com.ar\/\",\"logo\":{\"@type\":\"ImageObject\",\"inLanguage\":\"en-US\",\"@id\":\"https:\/\/telconet.com.ar\/#\/schema\/logo\/image\/\",\"url\":\"https:\/\/telconet.com.ar\/wp-content\/uploads\/2024\/06\/telconet-logo-2023.png\",\"contentUrl\":\"https:\/\/telconet.com.ar\/wp-content\/uploads\/2024\/06\/telconet-logo-2023.png\",\"width\":2577,\"height\":447,\"caption\":\"Telconet S.A\"},\"image\":{\"@id\":\"https:\/\/telconet.com.ar\/#\/schema\/logo\/image\/\"},\"sameAs\":[\"https:\/\/www.facebook.com\/telconet.com.ar\/\",\"https:\/\/www.instagram.com\/telconet.argentina\/\"]}]}<\/script>\n<!-- \/ Yoast SEO plugin. -->","yoast_head_json":{"title":"CUENTAS DE MAILS. - Telconet S.A","robots":{"index":"index","follow":"follow","max-snippet":"max-snippet:-1","max-image-preview":"max-image-preview:large","max-video-preview":"max-video-preview:-1"},"canonical":"https:\/\/telconet.com.ar\/?page_id=350","og_locale":"en_US","og_type":"article","og_title":"CUENTAS DE MAILS. - Telconet S.A","og_description":"CUENTAS DE MAILS. Servicios de CorreoEl servicio de correo electr\u00f3nico basic mail permite la comunicaci\u00f3n v\u00eda e-mail utilizando la infraestructura de datacenter. Los beneficios de contratar el servicio de basic mail de Metrotel son: Reemplazo de importantes inversiones en equipamiento y licencias de software por un accesible costo operativo mensual. Conectividad a Internet nacional e [&hellip;]","og_url":"https:\/\/telconet.com.ar\/?page_id=350","og_site_name":"Telconet S.A","article_publisher":"https:\/\/www.facebook.com\/telconet.com.ar\/","article_modified_time":"2025-08-22T18:50:33+00:00","twitter_card":"summary_large_image","twitter_misc":{"Est. reading time":"5 minutes"},"schema":{"@context":"https:\/\/schema.org","@graph":[{"@type":"WebPage","@id":"https:\/\/telconet.com.ar\/?page_id=350","url":"https:\/\/telconet.com.ar\/?page_id=350","name":"CUENTAS DE MAILS. - Telconet S.A","isPartOf":{"@id":"https:\/\/telconet.com.ar\/#website"},"datePublished":"2024-06-26T18:51:01+00:00","dateModified":"2025-08-22T18:50:33+00:00","breadcrumb":{"@id":"https:\/\/telconet.com.ar\/?page_id=350#breadcrumb"},"inLanguage":"en-US","potentialAction":[{"@type":"ReadAction","target":["https:\/\/telconet.com.ar\/?page_id=350"]}]},{"@type":"BreadcrumbList","@id":"https:\/\/telconet.com.ar\/?page_id=350#breadcrumb","itemListElement":[{"@type":"ListItem","position":1,"name":"Home","item":"https:\/\/telconet.com.ar\/"},{"@type":"ListItem","position":2,"name":"CUENTAS DE MAILS."}]},{"@type":"WebSite","@id":"https:\/\/telconet.com.ar\/#website","url":"https:\/\/telconet.com.ar\/","name":"Telconet S.A","description":"Internet de calidad","publisher":{"@id":"https:\/\/telconet.com.ar\/#organization"},"potentialAction":[{"@type":"SearchAction","target":{"@type":"EntryPoint","urlTemplate":"https:\/\/telconet.com.ar\/?s={search_term_string}"},"query-input":{"@type":"PropertyValueSpecification","valueRequired":true,"valueName":"search_term_string"}}],"inLanguage":"en-US"},{"@type":"Organization","@id":"https:\/\/telconet.com.ar\/#organization","name":"Telconet S.A","url":"https:\/\/telconet.com.ar\/","logo":{"@type":"ImageObject","inLanguage":"en-US","@id":"https:\/\/telconet.com.ar\/#\/schema\/logo\/image\/","url":"https:\/\/telconet.com.ar\/wp-content\/uploads\/2024\/06\/telconet-logo-2023.png","contentUrl":"https:\/\/telconet.com.ar\/wp-content\/uploads\/2024\/06\/telconet-logo-2023.png","width":2577,"height":447,"caption":"Telconet S.A"},"image":{"@id":"https:\/\/telconet.com.ar\/#\/schema\/logo\/image\/"},"sameAs":["https:\/\/www.facebook.com\/telconet.com.ar\/","https:\/\/www.instagram.com\/telconet.argentina\/"]}]}},"_links":{"self":[{"href":"https:\/\/telconet.com.ar\/index.php?rest_route=\/wp\/v2\/pages\/350","targetHints":{"allow":["GET"]}}],"collection":[{"href":"https:\/\/telconet.com.ar\/index.php?rest_route=\/wp\/v2\/pages"}],"about":[{"href":"https:\/\/telconet.com.ar\/index.php?rest_route=\/wp\/v2\/types\/page"}],"author":[{"embeddable":true,"href":"https:\/\/telconet.com.ar\/index.php?rest_route=\/wp\/v2\/users\/1"}],"replies":[{"embeddable":true,"href":"https:\/\/telconet.com.ar\/index.php?rest_route=%2Fwp%2Fv2%2Fcomments&post=350"}],"version-history":[{"count":3,"href":"https:\/\/telconet.com.ar\/index.php?rest_route=\/wp\/v2\/pages\/350\/revisions"}],"predecessor-version":[{"id":422,"href":"https:\/\/telconet.com.ar\/index.php?rest_route=\/wp\/v2\/pages\/350\/revisions\/422"}],"wp:attachment":[{"href":"https:\/\/telconet.com.ar\/index.php?rest_route=%2Fwp%2Fv2%2Fmedia&parent=350"}],"curies":[{"name":"wp","href":"https:\/\/api.w.org\/{rel}","templated":true}]}}