{"id":346,"date":"2024-06-26T18:48:33","date_gmt":"2024-06-26T18:48:33","guid":{"rendered":"https:\/\/telconet.com.ar\/?page_id=346"},"modified":"2025-08-22T18:53:37","modified_gmt":"2025-08-22T18:53:37","slug":"envio-de-sms","status":"publish","type":"page","link":"https:\/\/telconet.com.ar\/?page_id=346","title":{"rendered":"ENVIO DE SMS."},"content":{"rendered":"<p>[et_pb_section fb_built=&#8221;1&#8243; _builder_version=&#8221;4.20.4&#8243; _module_preset=&#8221;default&#8221; custom_margin=&#8221;0px||0px||false|false&#8221; custom_padding=&#8221;0px||0px||false|false&#8221; global_colors_info=&#8221;{}&#8221; global_module=&#8221;410&#8243; theme_builder_area=&#8221;post_content&#8221;][et_pb_row column_structure=&#8221;1_4,1_4,1_4,1_4&#8243; use_custom_gutter=&#8221;on&#8221; gutter_width=&#8221;1&#8243; _builder_version=&#8221;4.20.4&#8243; _module_preset=&#8221;default&#8221; use_background_color_gradient=&#8221;on&#8221; background_color_gradient_stops=&#8221;#00438a 0%|#00243a 100%&#8221; width=&#8221;100%&#8221; max_width=&#8221;2560px&#8221; custom_margin=&#8221;0px|0px|0px|0px|false|false&#8221; custom_padding=&#8221;0px|0px|0px|0px|false|false&#8221; border_width_top=&#8221;2px&#8221; border_color_top=&#8221;#FFFFFF&#8221; global_colors_info=&#8221;{}&#8221; theme_builder_area=&#8221;post_content&#8221;][et_pb_column type=&#8221;1_4&#8243; _builder_version=&#8221;4.20.4&#8243; _module_preset=&#8221;default&#8221; background_enable_color=&#8221;off&#8221; global_colors_info=&#8221;{}&#8221; theme_builder_area=&#8221;post_content&#8221;][et_pb_image src=&#8221;https:\/\/telconet.com.ar\/wp-content\/uploads\/2024\/06\/speedtest-logo@logotyp.us-01.png&#8221; title_text=&#8221;speedtest-logo@logotyp.us-01&#8243; url=&#8221;http:\/\/telconet.speedtestcustom.com\/&#8221; url_new_window=&#8221;on&#8221; _builder_version=&#8221;4.20.4&#8243; _module_preset=&#8221;default&#8221; background_color=&#8221;RGBA(255,255,255,0)&#8221; border_width_right=&#8221;2px&#8221; border_color_right=&#8221;#FFFFFF&#8221; global_colors_info=&#8221;{}&#8221; theme_builder_area=&#8221;post_content&#8221;][\/et_pb_image][\/et_pb_column][et_pb_column type=&#8221;1_4&#8243; _builder_version=&#8221;4.20.4&#8243; _module_preset=&#8221;default&#8221; global_colors_info=&#8221;{}&#8221; theme_builder_area=&#8221;post_content&#8221;][et_pb_image src=&#8221;https:\/\/telconet.com.ar\/wp-content\/uploads\/2024\/06\/speedtest-logo@logotyp.us-02.png&#8221; title_text=&#8221;speedtest-logo@logotyp.us-02&#8243; url=&#8221;http:\/\/monitoreo.equal.com.ar\/index.htm&#8221; url_new_window=&#8221;on&#8221; _builder_version=&#8221;4.20.4&#8243; _module_preset=&#8221;default&#8221; border_width_right=&#8221;2px&#8221; border_color_right=&#8221;#FFFFFF&#8221; global_colors_info=&#8221;{}&#8221; theme_builder_area=&#8221;post_content&#8221;][\/et_pb_image][\/et_pb_column][et_pb_column type=&#8221;1_4&#8243; _builder_version=&#8221;4.20.4&#8243; _module_preset=&#8221;default&#8221; global_colors_info=&#8221;{}&#8221; theme_builder_area=&#8221;post_content&#8221;][et_pb_image src=&#8221;https:\/\/telconet.com.ar\/wp-content\/uploads\/2024\/06\/speedtest-logo@logotyp.us-03.png&#8221; title_text=&#8221;speedtest-logo@logotyp.us-03&#8243; url=&#8221;http:\/\/tickets.equal.com.ar\/User\/login&#8221; url_new_window=&#8221;on&#8221; _builder_version=&#8221;4.20.4&#8243; _module_preset=&#8221;default&#8221; border_width_right=&#8221;2px&#8221; border_color_right=&#8221;#FFFFFF&#8221; global_colors_info=&#8221;{}&#8221; theme_builder_area=&#8221;post_content&#8221;][\/et_pb_image][\/et_pb_column][et_pb_column type=&#8221;1_4&#8243; _builder_version=&#8221;4.20.4&#8243; _module_preset=&#8221;default&#8221; global_colors_info=&#8221;{}&#8221; theme_builder_area=&#8221;post_content&#8221;][et_pb_image src=&#8221;https:\/\/telconet.com.ar\/wp-content\/uploads\/2024\/06\/speedtest-logo@logotyp.us-05.png&#8221; title_text=&#8221;IoT Telconet Comunicaciones Globales&#8221; _builder_version=&#8221;4.20.4&#8243; _module_preset=&#8221;default&#8221; background_video_mp4=&#8221;https:\/\/telconet.com.ar\/wp-content\/uploads\/2024\/06\/IoT-Telconet-Comunicaciones-Globales.mp4&#8243; global_colors_info=&#8221;{}&#8221; theme_builder_area=&#8221;post_content&#8221;][\/et_pb_image][\/et_pb_column][\/et_pb_row][\/et_pb_section][et_pb_section fb_built=&#8221;1&#8243; _builder_version=&#8221;4.20.4&#8243; _module_preset=&#8221;default&#8221; global_colors_info=&#8221;{}&#8221;][et_pb_row _builder_version=&#8221;4.20.4&#8243; _module_preset=&#8221;default&#8221; width=&#8221;85%&#8221; max_width=&#8221;2560px&#8221; animation_style=&#8221;fade&#8221; global_colors_info=&#8221;{}&#8221;][et_pb_column type=&#8221;4_4&#8243; _builder_version=&#8221;4.20.4&#8243; _module_preset=&#8221;default&#8221; global_colors_info=&#8221;{}&#8221;][et_pb_text _builder_version=&#8221;4.20.4&#8243; _module_preset=&#8221;default&#8221; global_colors_info=&#8221;{}&#8221;]<\/p>\n<h1 class=\"c-font-23\"><span>ENVIO DE SMS.<\/span><\/h1>\n<h6 class=\"c-font-23\"><span><\/span>Comunicacion Personalizada.<\/h6>\n<p>[\/et_pb_text][\/et_pb_column][\/et_pb_row][et_pb_row column_structure=&#8221;1_2,1_2&#8243; use_custom_gutter=&#8221;on&#8221; gutter_width=&#8221;2&#8243; _builder_version=&#8221;4.20.4&#8243; _module_preset=&#8221;default&#8221; width=&#8221;85%&#8221; max_width=&#8221;2560px&#8221; animation_style=&#8221;slide&#8221; animation_direction=&#8221;bottom&#8221; animation_duration=&#8221;1100ms&#8221; animation_intensity_slide=&#8221;3%&#8221; global_colors_info=&#8221;{}&#8221;][et_pb_column type=&#8221;1_2&#8243; _builder_version=&#8221;4.20.4&#8243; _module_preset=&#8221;default&#8221; global_colors_info=&#8221;{}&#8221;][et_pb_text _builder_version=&#8221;4.20.4&#8243; _module_preset=&#8221;default&#8221; global_colors_info=&#8221;{}&#8221;]<\/p>\n<div>\n<div><img decoding=\"async\" src=\"https:\/\/web.archive.org\/web\/20230605074218im_\/http:\/\/138.0.104.10\/wp-content\/uploads\/2020\/07\/envio-sms.jpg\" alt=\"\" title=\"envio sms\" srcset=\"https:\/\/web.archive.org\/web\/20230605074218im_\/http:\/\/telconet.com.ar\/wp-content\/uploads\/2020\/07\/envio-sms.jpg,https:\/\/web.archive.org\/web\/20230605074218im_\/http:\/\/telconet.com.ar\/wp-content\/uploads\/2020\/07\/envio-sms-300x165.jpg,https:\/\/web.archive.org\/web\/20230605074218im_\/http:\/\/telconet.com.ar\/wp-content\/uploads\/2020\/07\/envio-sms-1024x562.jpg,https:\/\/web.archive.org\/web\/20230605074218im_\/http:\/\/telconet.com.ar\/wp-content\/uploads\/2020\/07\/envio-sms-768x421.jpg,https:\/\/web.archive.org\/web\/20230605074218im_\/http:\/\/telconet.com.ar\/wp-content\/uploads\/2020\/07\/envio-sms-1080x592.jpg,https:\/\/web.archive.org\/web\/20230605074218im_\/http:\/\/telconet.com.ar\/wp-content\/uploads\/2020\/07\/envio-sms-1280x702.jpg,https:\/\/web.archive.org\/web\/20230605074218im_\/http:\/\/telconet.com.ar\/wp-content\/uploads\/2020\/07\/envio-sms-980x538.jpg,https:\/\/web.archive.org\/web\/20230605074218im_\/http:\/\/telconet.com.ar\/wp-content\/uploads\/2020\/07\/envio-sms-480x263.jpg\" sizes=\"(max-width: 1400px) 100vw, 1400px\" \/>El servicio Campa\u00f1a SMS consiste en una plataforma que le permitir\u00e1 el env\u00edo de SMS a sus actuales y potenciales clientes.<\/div>\n<\/div>\n<div>\n<p>Todas las comunicaciones pueden ser personalizadas a trav\u00e9s de un mensaje de texto que recibir\u00e1n en sus tel\u00e9fonos celulares.<\/p>\n<\/div>\n<p>[\/et_pb_text][\/et_pb_column][et_pb_column type=&#8221;1_2&#8243; _builder_version=&#8221;4.20.4&#8243; _module_preset=&#8221;default&#8221; global_colors_info=&#8221;{}&#8221;][et_pb_text _builder_version=&#8221;4.20.4&#8243; _module_preset=&#8221;default&#8221; global_colors_info=&#8221;{}&#8221;]<\/p>\n<p><span>El envi\u00f3 de SMS se realiza accediendo a una plataforma web donde se carga la base de tel\u00e9fonos m\u00f3viles, se define el \u00f3 los mensajes que se desean comunicar y se configura todo lo inherente al env\u00edo.<\/span><\/p>\n<p>[\/et_pb_text][\/et_pb_column][\/et_pb_row][et_pb_row column_structure=&#8221;1_4,1_4,1_4,1_4&#8243; use_custom_gutter=&#8221;on&#8221; gutter_width=&#8221;2&#8243; _builder_version=&#8221;4.20.4&#8243; _module_preset=&#8221;default&#8221; width=&#8221;85%&#8221; max_width=&#8221;2560px&#8221; global_colors_info=&#8221;{}&#8221;][et_pb_column type=&#8221;1_4&#8243; _builder_version=&#8221;4.20.4&#8243; _module_preset=&#8221;default&#8221; global_colors_info=&#8221;{}&#8221;][et_pb_text _builder_version=&#8221;4.20.4&#8243; _module_preset=&#8221;default&#8221; global_colors_info=&#8221;{}&#8221;]<\/p>\n<h4>Capacidad<\/h4>\n<p>Alta capacidad de procesamiento (500 SMS p\/segundo con 5.000 canales telef\u00f3nicos simult\u00e1neos).<\/p>\n<p>[\/et_pb_text][\/et_pb_column][et_pb_column type=&#8221;1_4&#8243; _builder_version=&#8221;4.20.4&#8243; _module_preset=&#8221;default&#8221; global_colors_info=&#8221;{}&#8221;][et_pb_text _builder_version=&#8221;4.20.4&#8243; _module_preset=&#8221;default&#8221; global_colors_info=&#8221;{}&#8221;]<\/p>\n<h4>Interconexion<\/h4>\n<p>Interconexi\u00f3n con todos los operadores m\u00f3viles en el envio de los SMS a sus listas de contacto.<\/p>\n<p>[\/et_pb_text][\/et_pb_column][et_pb_column type=&#8221;1_4&#8243; _builder_version=&#8221;4.20.4&#8243; _module_preset=&#8221;default&#8221; global_colors_info=&#8221;{}&#8221;][et_pb_text _builder_version=&#8221;4.20.4&#8243; _module_preset=&#8221;default&#8221; global_colors_info=&#8221;{}&#8221;]<\/p>\n<h4>Plataforma<\/h4>\n<p>Plataforma alojada en datacenters bajo una arquitectura de alta disponibilidad.<\/p>\n<p>[\/et_pb_text][\/et_pb_column][et_pb_column type=&#8221;1_4&#8243; _builder_version=&#8221;4.20.4&#8243; _module_preset=&#8221;default&#8221; global_colors_info=&#8221;{}&#8221;][et_pb_text _builder_version=&#8221;4.20.4&#8243; _module_preset=&#8221;default&#8221; global_colors_info=&#8221;{}&#8221;]<\/p>\n<h4>Comunicaciones<\/h4>\n<p>Mensajes personalizados.<\/p>\n<p>[\/et_pb_text][\/et_pb_column][\/et_pb_row][et_pb_row use_custom_gutter=&#8221;on&#8221; gutter_width=&#8221;2&#8243; _builder_version=&#8221;4.20.4&#8243; _module_preset=&#8221;default&#8221; width=&#8221;85%&#8221; max_width=&#8221;2560px&#8221; global_colors_info=&#8221;{}&#8221;][et_pb_column type=&#8221;4_4&#8243; _builder_version=&#8221;4.20.4&#8243; _module_preset=&#8221;default&#8221; global_colors_info=&#8221;{}&#8221;][et_pb_button button_url=&#8221;https:\/\/telconet.com.ar\/?page_id=172&#8243; button_text=&#8221;Quiero el Servicio&#8230;&#8221; button_alignment=&#8221;center&#8221; _builder_version=&#8221;4.20.4&#8243; _module_preset=&#8221;default&#8221; global_colors_info=&#8221;{}&#8221;][\/et_pb_button][\/et_pb_column][\/et_pb_row][\/et_pb_section]<\/p>\n","protected":false},"excerpt":{"rendered":"<p>ENVIO DE SMS. Comunicacion Personalizada. El servicio Campa\u00f1a SMS consiste en una plataforma que le permitir\u00e1 el env\u00edo de SMS a sus actuales y potenciales clientes. Todas las comunicaciones pueden ser personalizadas a trav\u00e9s de un mensaje de texto que recibir\u00e1n en sus tel\u00e9fonos celulares. El envi\u00f3 de SMS se realiza accediendo a una plataforma [&hellip;]<\/p>\n","protected":false},"author":1,"featured_media":0,"parent":0,"menu_order":0,"comment_status":"closed","ping_status":"closed","template":"","meta":{"_et_pb_use_builder":"on","_et_pb_old_content":"","_et_gb_content_width":"","_joinchat":[],"footnotes":""},"class_list":["post-346","page","type-page","status-publish","hentry"],"yoast_head":"<!-- This site is optimized with the Yoast SEO plugin v25.9 - https:\/\/yoast.com\/wordpress\/plugins\/seo\/ -->\n<title>ENVIO DE SMS. - Telconet S.A<\/title>\n<meta name=\"robots\" content=\"index, follow, max-snippet:-1, max-image-preview:large, max-video-preview:-1\" \/>\n<link rel=\"canonical\" href=\"https:\/\/telconet.com.ar\/?page_id=346\" \/>\n<meta property=\"og:locale\" content=\"en_US\" \/>\n<meta property=\"og:type\" content=\"article\" \/>\n<meta property=\"og:title\" content=\"ENVIO DE SMS. - Telconet S.A\" \/>\n<meta property=\"og:description\" content=\"ENVIO DE SMS. Comunicacion Personalizada. El servicio Campa\u00f1a SMS consiste en una plataforma que le permitir\u00e1 el env\u00edo de SMS a sus actuales y potenciales clientes. Todas las comunicaciones pueden ser personalizadas a trav\u00e9s de un mensaje de texto que recibir\u00e1n en sus tel\u00e9fonos celulares. El envi\u00f3 de SMS se realiza accediendo a una plataforma [&hellip;]\" \/>\n<meta property=\"og:url\" content=\"https:\/\/telconet.com.ar\/?page_id=346\" \/>\n<meta property=\"og:site_name\" content=\"Telconet S.A\" \/>\n<meta property=\"article:publisher\" content=\"https:\/\/www.facebook.com\/telconet.com.ar\/\" \/>\n<meta property=\"article:modified_time\" content=\"2025-08-22T18:53:37+00:00\" \/>\n<meta property=\"og:image\" content=\"https:\/\/web.archive.org\/web\/20230605074218im_\/http:\/\/138.0.104.10\/wp-content\/uploads\/2020\/07\/envio-sms.jpg\" \/>\n<meta name=\"twitter:card\" content=\"summary_large_image\" \/>\n<meta name=\"twitter:label1\" content=\"Est. reading time\" \/>\n\t<meta name=\"twitter:data1\" content=\"5 minutes\" \/>\n<script type=\"application\/ld+json\" class=\"yoast-schema-graph\">{\"@context\":\"https:\/\/schema.org\",\"@graph\":[{\"@type\":\"WebPage\",\"@id\":\"https:\/\/telconet.com.ar\/?page_id=346\",\"url\":\"https:\/\/telconet.com.ar\/?page_id=346\",\"name\":\"ENVIO DE SMS. - Telconet S.A\",\"isPartOf\":{\"@id\":\"https:\/\/telconet.com.ar\/#website\"},\"primaryImageOfPage\":{\"@id\":\"https:\/\/telconet.com.ar\/?page_id=346#primaryimage\"},\"image\":{\"@id\":\"https:\/\/telconet.com.ar\/?page_id=346#primaryimage\"},\"thumbnailUrl\":\"https:\/\/web.archive.org\/web\/20230605074218im_\/http:\/\/138.0.104.10\/wp-content\/uploads\/2020\/07\/envio-sms.jpg\",\"datePublished\":\"2024-06-26T18:48:33+00:00\",\"dateModified\":\"2025-08-22T18:53:37+00:00\",\"breadcrumb\":{\"@id\":\"https:\/\/telconet.com.ar\/?page_id=346#breadcrumb\"},\"inLanguage\":\"en-US\",\"potentialAction\":[{\"@type\":\"ReadAction\",\"target\":[\"https:\/\/telconet.com.ar\/?page_id=346\"]}]},{\"@type\":\"ImageObject\",\"inLanguage\":\"en-US\",\"@id\":\"https:\/\/telconet.com.ar\/?page_id=346#primaryimage\",\"url\":\"https:\/\/web.archive.org\/web\/20230605074218im_\/http:\/\/138.0.104.10\/wp-content\/uploads\/2020\/07\/envio-sms.jpg\",\"contentUrl\":\"https:\/\/web.archive.org\/web\/20230605074218im_\/http:\/\/138.0.104.10\/wp-content\/uploads\/2020\/07\/envio-sms.jpg\"},{\"@type\":\"BreadcrumbList\",\"@id\":\"https:\/\/telconet.com.ar\/?page_id=346#breadcrumb\",\"itemListElement\":[{\"@type\":\"ListItem\",\"position\":1,\"name\":\"Home\",\"item\":\"https:\/\/telconet.com.ar\/\"},{\"@type\":\"ListItem\",\"position\":2,\"name\":\"ENVIO DE SMS.\"}]},{\"@type\":\"WebSite\",\"@id\":\"https:\/\/telconet.com.ar\/#website\",\"url\":\"https:\/\/telconet.com.ar\/\",\"name\":\"Telconet S.A\",\"description\":\"Internet de calidad\",\"publisher\":{\"@id\":\"https:\/\/telconet.com.ar\/#organization\"},\"potentialAction\":[{\"@type\":\"SearchAction\",\"target\":{\"@type\":\"EntryPoint\",\"urlTemplate\":\"https:\/\/telconet.com.ar\/?s={search_term_string}\"},\"query-input\":{\"@type\":\"PropertyValueSpecification\",\"valueRequired\":true,\"valueName\":\"search_term_string\"}}],\"inLanguage\":\"en-US\"},{\"@type\":\"Organization\",\"@id\":\"https:\/\/telconet.com.ar\/#organization\",\"name\":\"Telconet S.A\",\"url\":\"https:\/\/telconet.com.ar\/\",\"logo\":{\"@type\":\"ImageObject\",\"inLanguage\":\"en-US\",\"@id\":\"https:\/\/telconet.com.ar\/#\/schema\/logo\/image\/\",\"url\":\"https:\/\/telconet.com.ar\/wp-content\/uploads\/2024\/06\/telconet-logo-2023.png\",\"contentUrl\":\"https:\/\/telconet.com.ar\/wp-content\/uploads\/2024\/06\/telconet-logo-2023.png\",\"width\":2577,\"height\":447,\"caption\":\"Telconet S.A\"},\"image\":{\"@id\":\"https:\/\/telconet.com.ar\/#\/schema\/logo\/image\/\"},\"sameAs\":[\"https:\/\/www.facebook.com\/telconet.com.ar\/\",\"https:\/\/www.instagram.com\/telconet.argentina\/\"]}]}<\/script>\n<!-- \/ Yoast SEO plugin. -->","yoast_head_json":{"title":"ENVIO DE SMS. - Telconet S.A","robots":{"index":"index","follow":"follow","max-snippet":"max-snippet:-1","max-image-preview":"max-image-preview:large","max-video-preview":"max-video-preview:-1"},"canonical":"https:\/\/telconet.com.ar\/?page_id=346","og_locale":"en_US","og_type":"article","og_title":"ENVIO DE SMS. - Telconet S.A","og_description":"ENVIO DE SMS. Comunicacion Personalizada. El servicio Campa\u00f1a SMS consiste en una plataforma que le permitir\u00e1 el env\u00edo de SMS a sus actuales y potenciales clientes. Todas las comunicaciones pueden ser personalizadas a trav\u00e9s de un mensaje de texto que recibir\u00e1n en sus tel\u00e9fonos celulares. El envi\u00f3 de SMS se realiza accediendo a una plataforma [&hellip;]","og_url":"https:\/\/telconet.com.ar\/?page_id=346","og_site_name":"Telconet S.A","article_publisher":"https:\/\/www.facebook.com\/telconet.com.ar\/","article_modified_time":"2025-08-22T18:53:37+00:00","og_image":[{"url":"https:\/\/web.archive.org\/web\/20230605074218im_\/http:\/\/138.0.104.10\/wp-content\/uploads\/2020\/07\/envio-sms.jpg","type":"","width":"","height":""}],"twitter_card":"summary_large_image","twitter_misc":{"Est. reading time":"5 minutes"},"schema":{"@context":"https:\/\/schema.org","@graph":[{"@type":"WebPage","@id":"https:\/\/telconet.com.ar\/?page_id=346","url":"https:\/\/telconet.com.ar\/?page_id=346","name":"ENVIO DE SMS. - Telconet S.A","isPartOf":{"@id":"https:\/\/telconet.com.ar\/#website"},"primaryImageOfPage":{"@id":"https:\/\/telconet.com.ar\/?page_id=346#primaryimage"},"image":{"@id":"https:\/\/telconet.com.ar\/?page_id=346#primaryimage"},"thumbnailUrl":"https:\/\/web.archive.org\/web\/20230605074218im_\/http:\/\/138.0.104.10\/wp-content\/uploads\/2020\/07\/envio-sms.jpg","datePublished":"2024-06-26T18:48:33+00:00","dateModified":"2025-08-22T18:53:37+00:00","breadcrumb":{"@id":"https:\/\/telconet.com.ar\/?page_id=346#breadcrumb"},"inLanguage":"en-US","potentialAction":[{"@type":"ReadAction","target":["https:\/\/telconet.com.ar\/?page_id=346"]}]},{"@type":"ImageObject","inLanguage":"en-US","@id":"https:\/\/telconet.com.ar\/?page_id=346#primaryimage","url":"https:\/\/web.archive.org\/web\/20230605074218im_\/http:\/\/138.0.104.10\/wp-content\/uploads\/2020\/07\/envio-sms.jpg","contentUrl":"https:\/\/web.archive.org\/web\/20230605074218im_\/http:\/\/138.0.104.10\/wp-content\/uploads\/2020\/07\/envio-sms.jpg"},{"@type":"BreadcrumbList","@id":"https:\/\/telconet.com.ar\/?page_id=346#breadcrumb","itemListElement":[{"@type":"ListItem","position":1,"name":"Home","item":"https:\/\/telconet.com.ar\/"},{"@type":"ListItem","position":2,"name":"ENVIO DE SMS."}]},{"@type":"WebSite","@id":"https:\/\/telconet.com.ar\/#website","url":"https:\/\/telconet.com.ar\/","name":"Telconet S.A","description":"Internet de calidad","publisher":{"@id":"https:\/\/telconet.com.ar\/#organization"},"potentialAction":[{"@type":"SearchAction","target":{"@type":"EntryPoint","urlTemplate":"https:\/\/telconet.com.ar\/?s={search_term_string}"},"query-input":{"@type":"PropertyValueSpecification","valueRequired":true,"valueName":"search_term_string"}}],"inLanguage":"en-US"},{"@type":"Organization","@id":"https:\/\/telconet.com.ar\/#organization","name":"Telconet S.A","url":"https:\/\/telconet.com.ar\/","logo":{"@type":"ImageObject","inLanguage":"en-US","@id":"https:\/\/telconet.com.ar\/#\/schema\/logo\/image\/","url":"https:\/\/telconet.com.ar\/wp-content\/uploads\/2024\/06\/telconet-logo-2023.png","contentUrl":"https:\/\/telconet.com.ar\/wp-content\/uploads\/2024\/06\/telconet-logo-2023.png","width":2577,"height":447,"caption":"Telconet S.A"},"image":{"@id":"https:\/\/telconet.com.ar\/#\/schema\/logo\/image\/"},"sameAs":["https:\/\/www.facebook.com\/telconet.com.ar\/","https:\/\/www.instagram.com\/telconet.argentina\/"]}]}},"_links":{"self":[{"href":"https:\/\/telconet.com.ar\/index.php?rest_route=\/wp\/v2\/pages\/346","targetHints":{"allow":["GET"]}}],"collection":[{"href":"https:\/\/telconet.com.ar\/index.php?rest_route=\/wp\/v2\/pages"}],"about":[{"href":"https:\/\/telconet.com.ar\/index.php?rest_route=\/wp\/v2\/types\/page"}],"author":[{"embeddable":true,"href":"https:\/\/telconet.com.ar\/index.php?rest_route=\/wp\/v2\/users\/1"}],"replies":[{"embeddable":true,"href":"https:\/\/telconet.com.ar\/index.php?rest_route=%2Fwp%2Fv2%2Fcomments&post=346"}],"version-history":[{"count":3,"href":"https:\/\/telconet.com.ar\/index.php?rest_route=\/wp\/v2\/pages\/346\/revisions"}],"predecessor-version":[{"id":425,"href":"https:\/\/telconet.com.ar\/index.php?rest_route=\/wp\/v2\/pages\/346\/revisions\/425"}],"wp:attachment":[{"href":"https:\/\/telconet.com.ar\/index.php?rest_route=%2Fwp%2Fv2%2Fmedia&parent=346"}],"curies":[{"name":"wp","href":"https:\/\/api.w.org\/{rel}","templated":true}]}}