{"id":325,"date":"2024-06-26T18:36:08","date_gmt":"2024-06-26T18:36:08","guid":{"rendered":"https:\/\/telconet.com.ar\/?page_id=325"},"modified":"2025-08-25T14:46:00","modified_gmt":"2025-08-25T14:46:00","slug":"servidor-virtual-para-backup","status":"publish","type":"page","link":"https:\/\/telconet.com.ar\/?page_id=325","title":{"rendered":"SERVIDOR VIRTUAL PARA BACKUP."},"content":{"rendered":"<p>[et_pb_section fb_built=&#8221;1&#8243; _builder_version=&#8221;4.20.4&#8243; _module_preset=&#8221;default&#8221; custom_margin=&#8221;0px||0px||false|false&#8221; custom_padding=&#8221;0px||0px||false|false&#8221; global_colors_info=&#8221;{}&#8221;][et_pb_row column_structure=&#8221;1_4,1_4,1_4,1_4&#8243; use_custom_gutter=&#8221;on&#8221; gutter_width=&#8221;1&#8243; _builder_version=&#8221;4.20.4&#8243; _module_preset=&#8221;default&#8221; use_background_color_gradient=&#8221;on&#8221; background_color_gradient_stops=&#8221;#00438a 0%|#00243a 100%&#8221; width=&#8221;100%&#8221; max_width=&#8221;2560px&#8221; custom_margin=&#8221;0px|0px|0px|0px|false|false&#8221; custom_padding=&#8221;0px|0px|0px|0px|false|false&#8221; border_width_top=&#8221;2px&#8221; border_color_top=&#8221;#FFFFFF&#8221; global_colors_info=&#8221;{}&#8221;][et_pb_column type=&#8221;1_4&#8243; _builder_version=&#8221;4.20.4&#8243; _module_preset=&#8221;default&#8221; background_enable_color=&#8221;off&#8221; global_colors_info=&#8221;{}&#8221;][et_pb_image src=&#8221;https:\/\/telconet.com.ar\/wp-content\/uploads\/2024\/06\/speedtest-logo@logotyp.us-01.png&#8221; title_text=&#8221;speedtest-logo@logotyp.us-01&#8243; url=&#8221;http:\/\/telconet.speedtestcustom.com\/&#8221; url_new_window=&#8221;on&#8221; _builder_version=&#8221;4.20.4&#8243; _module_preset=&#8221;default&#8221; background_color=&#8221;RGBA(255,255,255,0)&#8221; border_width_right=&#8221;2px&#8221; border_color_right=&#8221;#FFFFFF&#8221; global_colors_info=&#8221;{}&#8221;][\/et_pb_image][\/et_pb_column][et_pb_column type=&#8221;1_4&#8243; _builder_version=&#8221;4.20.4&#8243; _module_preset=&#8221;default&#8221; global_colors_info=&#8221;{}&#8221;][et_pb_image src=&#8221;https:\/\/telconet.com.ar\/wp-content\/uploads\/2024\/06\/speedtest-logo@logotyp.us-02.png&#8221; title_text=&#8221;speedtest-logo@logotyp.us-02&#8243; url=&#8221;http:\/\/monitoreo.equal.com.ar\/index.htm&#8221; url_new_window=&#8221;on&#8221; _builder_version=&#8221;4.20.4&#8243; _module_preset=&#8221;default&#8221; border_width_right=&#8221;2px&#8221; border_color_right=&#8221;#FFFFFF&#8221; global_colors_info=&#8221;{}&#8221;][\/et_pb_image][\/et_pb_column][et_pb_column type=&#8221;1_4&#8243; _builder_version=&#8221;4.20.4&#8243; _module_preset=&#8221;default&#8221; global_colors_info=&#8221;{}&#8221;][et_pb_image src=&#8221;https:\/\/telconet.com.ar\/wp-content\/uploads\/2024\/06\/speedtest-logo@logotyp.us-03.png&#8221; title_text=&#8221;speedtest-logo@logotyp.us-03&#8243; url=&#8221;http:\/\/tickets.equal.com.ar\/User\/login&#8221; url_new_window=&#8221;on&#8221; _builder_version=&#8221;4.20.4&#8243; _module_preset=&#8221;default&#8221; border_width_right=&#8221;2px&#8221; border_color_right=&#8221;#FFFFFF&#8221; global_colors_info=&#8221;{}&#8221;][\/et_pb_image][\/et_pb_column][et_pb_column type=&#8221;1_4&#8243; _builder_version=&#8221;4.20.4&#8243; _module_preset=&#8221;default&#8221; global_colors_info=&#8221;{}&#8221;][et_pb_image src=&#8221;https:\/\/telconet.com.ar\/wp-content\/uploads\/2024\/06\/speedtest-logo@logotyp.us-05.png&#8221; title_text=&#8221;IoT Telconet Comunicaciones Globales&#8221; _builder_version=&#8221;4.20.4&#8243; _module_preset=&#8221;default&#8221; background_video_mp4=&#8221;https:\/\/telconet.com.ar\/wp-content\/uploads\/2024\/06\/IoT-Telconet-Comunicaciones-Globales.mp4&#8243; global_colors_info=&#8221;{}&#8221;][\/et_pb_image][\/et_pb_column][\/et_pb_row][\/et_pb_section][et_pb_section fb_built=&#8221;1&#8243; _builder_version=&#8221;4.20.4&#8243; _module_preset=&#8221;default&#8221; global_colors_info=&#8221;{}&#8221;][et_pb_row _builder_version=&#8221;4.20.4&#8243; _module_preset=&#8221;default&#8221; width=&#8221;85%&#8221; max_width=&#8221;2560px&#8221; animation_style=&#8221;fade&#8221; global_colors_info=&#8221;{}&#8221;][et_pb_column type=&#8221;4_4&#8243; _builder_version=&#8221;4.20.4&#8243; _module_preset=&#8221;default&#8221; global_colors_info=&#8221;{}&#8221;][et_pb_text _builder_version=&#8221;4.20.4&#8243; _module_preset=&#8221;default&#8221; global_colors_info=&#8221;{}&#8221;]<\/p>\n<h1 class=\"c-font-23\"><span>SERVIDOR VIRTUAL PARA BACKUP.<\/span><\/h1>\n<h6 class=\"c-font-23\"><span><\/span>Sin preocupacion por el hardware.<\/h6>\n<p>[\/et_pb_text][\/et_pb_column][\/et_pb_row][et_pb_row column_structure=&#8221;1_2,1_2&#8243; use_custom_gutter=&#8221;on&#8221; gutter_width=&#8221;2&#8243; _builder_version=&#8221;4.20.4&#8243; _module_preset=&#8221;default&#8221; width=&#8221;85%&#8221; max_width=&#8221;2560px&#8221; animation_style=&#8221;slide&#8221; animation_direction=&#8221;bottom&#8221; animation_duration=&#8221;1100ms&#8221; animation_intensity_slide=&#8221;3%&#8221; global_colors_info=&#8221;{}&#8221;][et_pb_column type=&#8221;1_2&#8243; _builder_version=&#8221;4.20.4&#8243; _module_preset=&#8221;default&#8221; global_colors_info=&#8221;{}&#8221;][et_pb_text _builder_version=&#8221;4.20.4&#8243; _module_preset=&#8221;default&#8221; global_colors_info=&#8221;{}&#8221;]<\/p>\n<p><span>Ofrecemos las grandes ventajas del Cloud Computing, m\u00e1s espec\u00edficamente de la capa de Infraestructura como Servicio (IaaS). Usted tendr\u00e1 su propio servidor donde correr aplicaciones y administrar el software, sin tener que preocuparse por el mantenimiento del hardware.<\/span><\/p>\n<p>[\/et_pb_text][\/et_pb_column][et_pb_column type=&#8221;1_2&#8243; _builder_version=&#8221;4.20.4&#8243; _module_preset=&#8221;default&#8221; global_colors_info=&#8221;{}&#8221;][et_pb_text _builder_version=&#8221;4.20.4&#8243; _module_preset=&#8221;default&#8221; global_colors_info=&#8221;{}&#8221;]<\/p>\n<p>Reemplazo de importantes inversiones en equipamiento y licencias de software por un accesible costo operativo mensual con reducci\u00f3n de riesgos operativos, asociados al manejo de la infraestructura.<\/p>\n<p>Conectividad a Internet nacional e internacional multi-proveedor, permitiendo asegurar un alto nivel de disponibilidad de servicio con crecimiento del recurso a demanda.<\/p>\n<p>[\/et_pb_text][\/et_pb_column][\/et_pb_row][et_pb_row column_structure=&#8221;1_4,1_4,1_4,1_4&#8243; use_custom_gutter=&#8221;on&#8221; gutter_width=&#8221;2&#8243; _builder_version=&#8221;4.20.4&#8243; _module_preset=&#8221;default&#8221; width=&#8221;85%&#8221; max_width=&#8221;2560px&#8221; global_colors_info=&#8221;{}&#8221;][et_pb_column type=&#8221;1_4&#8243; _builder_version=&#8221;4.20.4&#8243; _module_preset=&#8221;default&#8221; global_colors_info=&#8221;{}&#8221;][et_pb_text _builder_version=&#8221;4.20.4&#8243; _module_preset=&#8221;default&#8221; global_colors_info=&#8221;{}&#8221;]<\/p>\n<h4>Servicio<\/h4>\n<p>La plataforma de virtualizaci\u00f3n garantiza la m\u00e1xima velocidad y disponibilidad de la conexi\u00f3n.<\/p>\n<p>[\/et_pb_text][\/et_pb_column][et_pb_column type=&#8221;1_4&#8243; _builder_version=&#8221;4.20.4&#8243; _module_preset=&#8221;default&#8221; global_colors_info=&#8221;{}&#8221;][et_pb_text _builder_version=&#8221;4.20.4&#8243; _module_preset=&#8221;default&#8221; global_colors_info=&#8221;{}&#8221;]<\/p>\n<h4>Menos Perdida de datos<\/h4>\n<p>Minimizamos la p\u00e9rdida de datos (RPO) gracias a las pol\u00edticas granulares que se pueden configurar en los Jobs de Backups.<\/p>\n<p>[\/et_pb_text][\/et_pb_column][et_pb_column type=&#8221;1_4&#8243; _builder_version=&#8221;4.20.4&#8243; _module_preset=&#8221;default&#8221; global_colors_info=&#8221;{}&#8221;][et_pb_text _builder_version=&#8221;4.20.4&#8243; _module_preset=&#8221;default&#8221; global_colors_info=&#8221;{}&#8221;]<\/p>\n<h4>Infraestructura<\/h4>\n<p>Adem\u00e1s no requiere modificaci\u00f3n de la infraestructura f\u00edsica o virtual del cliente.<\/p>\n<p>[\/et_pb_text][\/et_pb_column][et_pb_column type=&#8221;1_4&#8243; _builder_version=&#8221;4.20.4&#8243; _module_preset=&#8221;default&#8221; global_colors_info=&#8221;{}&#8221;][et_pb_text _builder_version=&#8221;4.20.4&#8243; _module_preset=&#8221;default&#8221; global_colors_info=&#8221;{}&#8221;]<\/p>\n<h4>Flexibilidad<\/h4>\n<p>En caso de contratar el servicio en cualquiera de sus versiones, le ofrecemos una recuperaci\u00f3n r\u00e1pida, flexible y fiable de la imagen del servidor virtual.<\/p>\n<p>[\/et_pb_text][\/et_pb_column][\/et_pb_row][et_pb_row use_custom_gutter=&#8221;on&#8221; gutter_width=&#8221;2&#8243; _builder_version=&#8221;4.20.4&#8243; _module_preset=&#8221;default&#8221; width=&#8221;85%&#8221; max_width=&#8221;2560px&#8221; global_colors_info=&#8221;{}&#8221;][et_pb_column type=&#8221;4_4&#8243; _builder_version=&#8221;4.20.4&#8243; _module_preset=&#8221;default&#8221; global_colors_info=&#8221;{}&#8221;][et_pb_button button_url=&#8221;https:\/\/telconet.com.ar\/?page_id=172&#8243; button_text=&#8221;Quiero el Servicio&#8230;&#8221; button_alignment=&#8221;center&#8221; _builder_version=&#8221;4.20.4&#8243; _module_preset=&#8221;default&#8221; global_colors_info=&#8221;{}&#8221;][\/et_pb_button][\/et_pb_column][\/et_pb_row][\/et_pb_section]<\/p>\n","protected":false},"excerpt":{"rendered":"<p>SERVIDOR VIRTUAL PARA BACKUP. Sin preocupacion por el hardware.Ofrecemos las grandes ventajas del Cloud Computing, m\u00e1s espec\u00edficamente de la capa de Infraestructura como Servicio (IaaS). Usted tendr\u00e1 su propio servidor donde correr aplicaciones y administrar el software, sin tener que preocuparse por el mantenimiento del hardware.Reemplazo de importantes inversiones en equipamiento y licencias de software [&hellip;]<\/p>\n","protected":false},"author":1,"featured_media":0,"parent":0,"menu_order":0,"comment_status":"closed","ping_status":"closed","template":"","meta":{"_et_pb_use_builder":"on","_et_pb_old_content":"","_et_gb_content_width":"","_joinchat":[],"footnotes":""},"class_list":["post-325","page","type-page","status-publish","hentry"],"yoast_head":"<!-- This site is optimized with the Yoast SEO plugin v25.9 - https:\/\/yoast.com\/wordpress\/plugins\/seo\/ -->\n<title>SERVIDOR VIRTUAL PARA BACKUP. - Telconet S.A<\/title>\n<meta name=\"robots\" content=\"index, follow, max-snippet:-1, max-image-preview:large, max-video-preview:-1\" \/>\n<link rel=\"canonical\" href=\"https:\/\/telconet.com.ar\/?page_id=325\" \/>\n<meta property=\"og:locale\" content=\"en_US\" \/>\n<meta property=\"og:type\" content=\"article\" \/>\n<meta property=\"og:title\" content=\"SERVIDOR VIRTUAL PARA BACKUP. - Telconet S.A\" \/>\n<meta property=\"og:description\" content=\"SERVIDOR VIRTUAL PARA BACKUP. Sin preocupacion por el hardware.Ofrecemos las grandes ventajas del Cloud Computing, m\u00e1s espec\u00edficamente de la capa de Infraestructura como Servicio (IaaS). Usted tendr\u00e1 su propio servidor donde correr aplicaciones y administrar el software, sin tener que preocuparse por el mantenimiento del hardware.Reemplazo de importantes inversiones en equipamiento y licencias de software [&hellip;]\" \/>\n<meta property=\"og:url\" content=\"https:\/\/telconet.com.ar\/?page_id=325\" \/>\n<meta property=\"og:site_name\" content=\"Telconet S.A\" \/>\n<meta property=\"article:publisher\" content=\"https:\/\/www.facebook.com\/telconet.com.ar\/\" \/>\n<meta property=\"article:modified_time\" content=\"2025-08-25T14:46:00+00:00\" \/>\n<meta name=\"twitter:card\" content=\"summary_large_image\" \/>\n<meta name=\"twitter:label1\" content=\"Est. reading time\" \/>\n\t<meta name=\"twitter:data1\" content=\"5 minutes\" \/>\n<script type=\"application\/ld+json\" class=\"yoast-schema-graph\">{\"@context\":\"https:\/\/schema.org\",\"@graph\":[{\"@type\":\"WebPage\",\"@id\":\"https:\/\/telconet.com.ar\/?page_id=325\",\"url\":\"https:\/\/telconet.com.ar\/?page_id=325\",\"name\":\"SERVIDOR VIRTUAL PARA BACKUP. - Telconet S.A\",\"isPartOf\":{\"@id\":\"https:\/\/telconet.com.ar\/#website\"},\"datePublished\":\"2024-06-26T18:36:08+00:00\",\"dateModified\":\"2025-08-25T14:46:00+00:00\",\"breadcrumb\":{\"@id\":\"https:\/\/telconet.com.ar\/?page_id=325#breadcrumb\"},\"inLanguage\":\"en-US\",\"potentialAction\":[{\"@type\":\"ReadAction\",\"target\":[\"https:\/\/telconet.com.ar\/?page_id=325\"]}]},{\"@type\":\"BreadcrumbList\",\"@id\":\"https:\/\/telconet.com.ar\/?page_id=325#breadcrumb\",\"itemListElement\":[{\"@type\":\"ListItem\",\"position\":1,\"name\":\"Home\",\"item\":\"https:\/\/telconet.com.ar\/\"},{\"@type\":\"ListItem\",\"position\":2,\"name\":\"SERVIDOR VIRTUAL PARA BACKUP.\"}]},{\"@type\":\"WebSite\",\"@id\":\"https:\/\/telconet.com.ar\/#website\",\"url\":\"https:\/\/telconet.com.ar\/\",\"name\":\"Telconet S.A\",\"description\":\"Internet de calidad\",\"publisher\":{\"@id\":\"https:\/\/telconet.com.ar\/#organization\"},\"potentialAction\":[{\"@type\":\"SearchAction\",\"target\":{\"@type\":\"EntryPoint\",\"urlTemplate\":\"https:\/\/telconet.com.ar\/?s={search_term_string}\"},\"query-input\":{\"@type\":\"PropertyValueSpecification\",\"valueRequired\":true,\"valueName\":\"search_term_string\"}}],\"inLanguage\":\"en-US\"},{\"@type\":\"Organization\",\"@id\":\"https:\/\/telconet.com.ar\/#organization\",\"name\":\"Telconet S.A\",\"url\":\"https:\/\/telconet.com.ar\/\",\"logo\":{\"@type\":\"ImageObject\",\"inLanguage\":\"en-US\",\"@id\":\"https:\/\/telconet.com.ar\/#\/schema\/logo\/image\/\",\"url\":\"https:\/\/telconet.com.ar\/wp-content\/uploads\/2024\/06\/telconet-logo-2023.png\",\"contentUrl\":\"https:\/\/telconet.com.ar\/wp-content\/uploads\/2024\/06\/telconet-logo-2023.png\",\"width\":2577,\"height\":447,\"caption\":\"Telconet S.A\"},\"image\":{\"@id\":\"https:\/\/telconet.com.ar\/#\/schema\/logo\/image\/\"},\"sameAs\":[\"https:\/\/www.facebook.com\/telconet.com.ar\/\",\"https:\/\/www.instagram.com\/telconet.argentina\/\"]}]}<\/script>\n<!-- \/ Yoast SEO plugin. -->","yoast_head_json":{"title":"SERVIDOR VIRTUAL PARA BACKUP. - Telconet S.A","robots":{"index":"index","follow":"follow","max-snippet":"max-snippet:-1","max-image-preview":"max-image-preview:large","max-video-preview":"max-video-preview:-1"},"canonical":"https:\/\/telconet.com.ar\/?page_id=325","og_locale":"en_US","og_type":"article","og_title":"SERVIDOR VIRTUAL PARA BACKUP. - Telconet S.A","og_description":"SERVIDOR VIRTUAL PARA BACKUP. Sin preocupacion por el hardware.Ofrecemos las grandes ventajas del Cloud Computing, m\u00e1s espec\u00edficamente de la capa de Infraestructura como Servicio (IaaS). Usted tendr\u00e1 su propio servidor donde correr aplicaciones y administrar el software, sin tener que preocuparse por el mantenimiento del hardware.Reemplazo de importantes inversiones en equipamiento y licencias de software [&hellip;]","og_url":"https:\/\/telconet.com.ar\/?page_id=325","og_site_name":"Telconet S.A","article_publisher":"https:\/\/www.facebook.com\/telconet.com.ar\/","article_modified_time":"2025-08-25T14:46:00+00:00","twitter_card":"summary_large_image","twitter_misc":{"Est. reading time":"5 minutes"},"schema":{"@context":"https:\/\/schema.org","@graph":[{"@type":"WebPage","@id":"https:\/\/telconet.com.ar\/?page_id=325","url":"https:\/\/telconet.com.ar\/?page_id=325","name":"SERVIDOR VIRTUAL PARA BACKUP. - Telconet S.A","isPartOf":{"@id":"https:\/\/telconet.com.ar\/#website"},"datePublished":"2024-06-26T18:36:08+00:00","dateModified":"2025-08-25T14:46:00+00:00","breadcrumb":{"@id":"https:\/\/telconet.com.ar\/?page_id=325#breadcrumb"},"inLanguage":"en-US","potentialAction":[{"@type":"ReadAction","target":["https:\/\/telconet.com.ar\/?page_id=325"]}]},{"@type":"BreadcrumbList","@id":"https:\/\/telconet.com.ar\/?page_id=325#breadcrumb","itemListElement":[{"@type":"ListItem","position":1,"name":"Home","item":"https:\/\/telconet.com.ar\/"},{"@type":"ListItem","position":2,"name":"SERVIDOR VIRTUAL PARA BACKUP."}]},{"@type":"WebSite","@id":"https:\/\/telconet.com.ar\/#website","url":"https:\/\/telconet.com.ar\/","name":"Telconet S.A","description":"Internet de calidad","publisher":{"@id":"https:\/\/telconet.com.ar\/#organization"},"potentialAction":[{"@type":"SearchAction","target":{"@type":"EntryPoint","urlTemplate":"https:\/\/telconet.com.ar\/?s={search_term_string}"},"query-input":{"@type":"PropertyValueSpecification","valueRequired":true,"valueName":"search_term_string"}}],"inLanguage":"en-US"},{"@type":"Organization","@id":"https:\/\/telconet.com.ar\/#organization","name":"Telconet S.A","url":"https:\/\/telconet.com.ar\/","logo":{"@type":"ImageObject","inLanguage":"en-US","@id":"https:\/\/telconet.com.ar\/#\/schema\/logo\/image\/","url":"https:\/\/telconet.com.ar\/wp-content\/uploads\/2024\/06\/telconet-logo-2023.png","contentUrl":"https:\/\/telconet.com.ar\/wp-content\/uploads\/2024\/06\/telconet-logo-2023.png","width":2577,"height":447,"caption":"Telconet S.A"},"image":{"@id":"https:\/\/telconet.com.ar\/#\/schema\/logo\/image\/"},"sameAs":["https:\/\/www.facebook.com\/telconet.com.ar\/","https:\/\/www.instagram.com\/telconet.argentina\/"]}]}},"_links":{"self":[{"href":"https:\/\/telconet.com.ar\/index.php?rest_route=\/wp\/v2\/pages\/325","targetHints":{"allow":["GET"]}}],"collection":[{"href":"https:\/\/telconet.com.ar\/index.php?rest_route=\/wp\/v2\/pages"}],"about":[{"href":"https:\/\/telconet.com.ar\/index.php?rest_route=\/wp\/v2\/types\/page"}],"author":[{"embeddable":true,"href":"https:\/\/telconet.com.ar\/index.php?rest_route=\/wp\/v2\/users\/1"}],"replies":[{"embeddable":true,"href":"https:\/\/telconet.com.ar\/index.php?rest_route=%2Fwp%2Fv2%2Fcomments&post=325"}],"version-history":[{"count":3,"href":"https:\/\/telconet.com.ar\/index.php?rest_route=\/wp\/v2\/pages\/325\/revisions"}],"predecessor-version":[{"id":445,"href":"https:\/\/telconet.com.ar\/index.php?rest_route=\/wp\/v2\/pages\/325\/revisions\/445"}],"wp:attachment":[{"href":"https:\/\/telconet.com.ar\/index.php?rest_route=%2Fwp%2Fv2%2Fmedia&parent=325"}],"curies":[{"name":"wp","href":"https:\/\/api.w.org\/{rel}","templated":true}]}}