{"id":227,"date":"2024-06-22T03:08:11","date_gmt":"2024-06-22T03:08:11","guid":{"rendered":"https:\/\/telconet.com.ar\/?page_id=227"},"modified":"2025-08-22T18:57:02","modified_gmt":"2025-08-22T18:57:02","slug":"internet-asimetrico","status":"publish","type":"page","link":"https:\/\/telconet.com.ar\/?page_id=227","title":{"rendered":"Internet Asim\u00e9trico"},"content":{"rendered":"<p>[et_pb_section fb_built=&#8221;1&#8243; _builder_version=&#8221;4.20.4&#8243; _module_preset=&#8221;default&#8221; custom_margin=&#8221;0px||0px||false|false&#8221; custom_padding=&#8221;0px||0px||false|false&#8221; global_colors_info=&#8221;{}&#8221; global_module=&#8221;410&#8243; theme_builder_area=&#8221;post_content&#8221;][et_pb_row column_structure=&#8221;1_4,1_4,1_4,1_4&#8243; use_custom_gutter=&#8221;on&#8221; gutter_width=&#8221;1&#8243; _builder_version=&#8221;4.20.4&#8243; _module_preset=&#8221;default&#8221; use_background_color_gradient=&#8221;on&#8221; background_color_gradient_stops=&#8221;#00438a 0%|#00243a 100%&#8221; width=&#8221;100%&#8221; max_width=&#8221;2560px&#8221; custom_margin=&#8221;0px|0px|0px|0px|false|false&#8221; custom_padding=&#8221;0px|0px|0px|0px|false|false&#8221; border_width_top=&#8221;2px&#8221; border_color_top=&#8221;#FFFFFF&#8221; global_colors_info=&#8221;{}&#8221; theme_builder_area=&#8221;post_content&#8221;][et_pb_column type=&#8221;1_4&#8243; _builder_version=&#8221;4.20.4&#8243; _module_preset=&#8221;default&#8221; background_enable_color=&#8221;off&#8221; global_colors_info=&#8221;{}&#8221; theme_builder_area=&#8221;post_content&#8221;][et_pb_image src=&#8221;https:\/\/telconet.com.ar\/wp-content\/uploads\/2024\/06\/speedtest-logo@logotyp.us-01.png&#8221; title_text=&#8221;speedtest-logo@logotyp.us-01&#8243; url=&#8221;http:\/\/telconet.speedtestcustom.com\/&#8221; url_new_window=&#8221;on&#8221; _builder_version=&#8221;4.20.4&#8243; _module_preset=&#8221;default&#8221; background_color=&#8221;RGBA(255,255,255,0)&#8221; border_width_right=&#8221;2px&#8221; border_color_right=&#8221;#FFFFFF&#8221; global_colors_info=&#8221;{}&#8221; theme_builder_area=&#8221;post_content&#8221;][\/et_pb_image][\/et_pb_column][et_pb_column type=&#8221;1_4&#8243; _builder_version=&#8221;4.20.4&#8243; _module_preset=&#8221;default&#8221; global_colors_info=&#8221;{}&#8221; theme_builder_area=&#8221;post_content&#8221;][et_pb_image src=&#8221;https:\/\/telconet.com.ar\/wp-content\/uploads\/2024\/06\/speedtest-logo@logotyp.us-02.png&#8221; title_text=&#8221;speedtest-logo@logotyp.us-02&#8243; url=&#8221;http:\/\/monitoreo.equal.com.ar\/index.htm&#8221; url_new_window=&#8221;on&#8221; _builder_version=&#8221;4.20.4&#8243; _module_preset=&#8221;default&#8221; border_width_right=&#8221;2px&#8221; border_color_right=&#8221;#FFFFFF&#8221; global_colors_info=&#8221;{}&#8221; theme_builder_area=&#8221;post_content&#8221;][\/et_pb_image][\/et_pb_column][et_pb_column type=&#8221;1_4&#8243; _builder_version=&#8221;4.20.4&#8243; _module_preset=&#8221;default&#8221; global_colors_info=&#8221;{}&#8221; theme_builder_area=&#8221;post_content&#8221;][et_pb_image src=&#8221;https:\/\/telconet.com.ar\/wp-content\/uploads\/2024\/06\/speedtest-logo@logotyp.us-03.png&#8221; title_text=&#8221;speedtest-logo@logotyp.us-03&#8243; url=&#8221;http:\/\/tickets.equal.com.ar\/User\/login&#8221; url_new_window=&#8221;on&#8221; _builder_version=&#8221;4.20.4&#8243; _module_preset=&#8221;default&#8221; border_width_right=&#8221;2px&#8221; border_color_right=&#8221;#FFFFFF&#8221; global_colors_info=&#8221;{}&#8221; theme_builder_area=&#8221;post_content&#8221;][\/et_pb_image][\/et_pb_column][et_pb_column type=&#8221;1_4&#8243; _builder_version=&#8221;4.20.4&#8243; _module_preset=&#8221;default&#8221; global_colors_info=&#8221;{}&#8221; theme_builder_area=&#8221;post_content&#8221;][et_pb_image src=&#8221;https:\/\/telconet.com.ar\/wp-content\/uploads\/2024\/06\/speedtest-logo@logotyp.us-05.png&#8221; title_text=&#8221;IoT Telconet Comunicaciones Globales&#8221; _builder_version=&#8221;4.20.4&#8243; _module_preset=&#8221;default&#8221; background_video_mp4=&#8221;https:\/\/telconet.com.ar\/wp-content\/uploads\/2024\/06\/IoT-Telconet-Comunicaciones-Globales.mp4&#8243; global_colors_info=&#8221;{}&#8221; theme_builder_area=&#8221;post_content&#8221;][\/et_pb_image][\/et_pb_column][\/et_pb_row][\/et_pb_section][et_pb_section fb_built=&#8221;1&#8243; _builder_version=&#8221;4.20.4&#8243; _module_preset=&#8221;default&#8221; global_colors_info=&#8221;{}&#8221;][et_pb_row _builder_version=&#8221;4.20.4&#8243; _module_preset=&#8221;default&#8221; width=&#8221;85%&#8221; max_width=&#8221;2560px&#8221; animation_style=&#8221;fade&#8221; global_colors_info=&#8221;{}&#8221;][et_pb_column type=&#8221;4_4&#8243; _builder_version=&#8221;4.20.4&#8243; _module_preset=&#8221;default&#8221; global_colors_info=&#8221;{}&#8221;][et_pb_text _builder_version=&#8221;4.20.4&#8243; _module_preset=&#8221;default&#8221; global_colors_info=&#8221;{}&#8221;]<\/p>\n<h1 class=\"c-font-23\"><span>INTERNET <\/span><span>ASIM\u00c9TRICO<\/span><span>\u00a0<\/span><\/h1>\n<h6 class=\"c-font-23\"><span>Servicio de Internet asim\u00e9trico<\/span><\/h6>\n<p>[\/et_pb_text][\/et_pb_column][\/et_pb_row][et_pb_row column_structure=&#8221;1_2,1_2&#8243; use_custom_gutter=&#8221;on&#8221; gutter_width=&#8221;2&#8243; _builder_version=&#8221;4.20.4&#8243; _module_preset=&#8221;default&#8221; width=&#8221;85%&#8221; max_width=&#8221;2560px&#8221; animation_style=&#8221;slide&#8221; animation_direction=&#8221;bottom&#8221; animation_duration=&#8221;1100ms&#8221; animation_intensity_slide=&#8221;3%&#8221; global_colors_info=&#8221;{}&#8221;][et_pb_column type=&#8221;1_2&#8243; _builder_version=&#8221;4.20.4&#8243; _module_preset=&#8221;default&#8221; global_colors_info=&#8221;{}&#8221;][et_pb_text _builder_version=&#8221;4.20.4&#8243; _module_preset=&#8221;default&#8221; global_colors_info=&#8221;{}&#8221;]<\/p>\n<p>En la actualidad, el hecho de poseer una conexi\u00f3n a Internet es a\u00fan de mayor necesidad que una l\u00ednea telef\u00f3nica, ya sea en el hogar como en el \u00e1mbito empresarial.<\/p>\n<p>En el caso de las soluciones de Internet para empresas, los productos difieren sustancialmente de los que se ofrecen para los usuarios dom\u00e9sticos.<\/p>\n<p>[\/et_pb_text][\/et_pb_column][et_pb_column type=&#8221;1_2&#8243; _builder_version=&#8221;4.20.4&#8243; _module_preset=&#8221;default&#8221; global_colors_info=&#8221;{}&#8221;][et_pb_text _builder_version=&#8221;4.20.4&#8243; _module_preset=&#8221;default&#8221; global_colors_info=&#8221;{}&#8221;]<\/p>\n<p><span>En este contexto, las conexiones de Internet dedicado para empresas se convierten en la soluci\u00f3n ideal. Este servicio brinda a las compa\u00f1\u00edas la posibilidad de contar con acceso a Internet de alta velocidad, con el soporte para un uso intensivo del ancho de banda.<\/span><\/p>\n<p>[\/et_pb_text][\/et_pb_column][\/et_pb_row][et_pb_row column_structure=&#8221;1_4,1_4,1_4,1_4&#8243; use_custom_gutter=&#8221;on&#8221; gutter_width=&#8221;2&#8243; _builder_version=&#8221;4.20.4&#8243; _module_preset=&#8221;default&#8221; width=&#8221;85%&#8221; max_width=&#8221;2560px&#8221; global_colors_info=&#8221;{}&#8221;][et_pb_column type=&#8221;1_4&#8243; _builder_version=&#8221;4.20.4&#8243; _module_preset=&#8221;default&#8221; global_colors_info=&#8221;{}&#8221;][et_pb_text _builder_version=&#8221;4.20.4&#8243; _module_preset=&#8221;default&#8221; global_colors_info=&#8221;{}&#8221;]<\/p>\n<h4>Posibilidades<\/h4>\n<p>Es ideal para las startups y negocios.<\/p>\n<p>[\/et_pb_text][\/et_pb_column][et_pb_column type=&#8221;1_4&#8243; _builder_version=&#8221;4.20.4&#8243; _module_preset=&#8221;default&#8221; global_colors_info=&#8221;{}&#8221;][et_pb_text _builder_version=&#8221;4.20.4&#8243; _module_preset=&#8221;default&#8221; global_colors_info=&#8221;{}&#8221;]<\/p>\n<h4>Ahorro<\/h4>\n<p>Tarifas m\u00e1s econ\u00f3micas y sin restricci\u00f3n.<\/p>\n<p>[\/et_pb_text][\/et_pb_column][et_pb_column type=&#8221;1_4&#8243; _builder_version=&#8221;4.20.4&#8243; _module_preset=&#8221;default&#8221; global_colors_info=&#8221;{}&#8221;][et_pb_text _builder_version=&#8221;4.20.4&#8243; _module_preset=&#8221;default&#8221; global_colors_info=&#8221;{}&#8221;]<\/p>\n<h4>Sencillez<\/h4>\n<p>F\u00e1cil instalaci\u00f3n y en minutos se usa.<\/p>\n<p>[\/et_pb_text][\/et_pb_column][et_pb_column type=&#8221;1_4&#8243; _builder_version=&#8221;4.20.4&#8243; _module_preset=&#8221;default&#8221; global_colors_info=&#8221;{}&#8221;][et_pb_text _builder_version=&#8221;4.20.4&#8243; _module_preset=&#8221;default&#8221; global_colors_info=&#8221;{}&#8221;]<\/p>\n<h4>Control<\/h4>\n<p>Monitoreo del tr\u00e1fico en tiempo real.<\/p>\n<p>[\/et_pb_text][\/et_pb_column][\/et_pb_row][et_pb_row use_custom_gutter=&#8221;on&#8221; gutter_width=&#8221;2&#8243; _builder_version=&#8221;4.20.4&#8243; _module_preset=&#8221;default&#8221; width=&#8221;85%&#8221; max_width=&#8221;2560px&#8221; global_colors_info=&#8221;{}&#8221;][et_pb_column type=&#8221;4_4&#8243; _builder_version=&#8221;4.20.4&#8243; _module_preset=&#8221;default&#8221; global_colors_info=&#8221;{}&#8221;][et_pb_button button_url=&#8221;https:\/\/telconet.com.ar\/?page_id=172&#8243; button_text=&#8221;Quiero el Servicio&#8230;&#8221; button_alignment=&#8221;center&#8221; _builder_version=&#8221;4.20.4&#8243; _module_preset=&#8221;default&#8221; global_colors_info=&#8221;{}&#8221;][\/et_pb_button][\/et_pb_column][\/et_pb_row][\/et_pb_section]<\/p>\n","protected":false},"excerpt":{"rendered":"<p>INTERNET ASIM\u00c9TRICO\u00a0 Servicio de Internet asim\u00e9tricoEn la actualidad, el hecho de poseer una conexi\u00f3n a Internet es a\u00fan de mayor necesidad que una l\u00ednea telef\u00f3nica, ya sea en el hogar como en el \u00e1mbito empresarial. En el caso de las soluciones de Internet para empresas, los productos difieren sustancialmente de los que se ofrecen para [&hellip;]<\/p>\n","protected":false},"author":1,"featured_media":0,"parent":0,"menu_order":0,"comment_status":"closed","ping_status":"closed","template":"","meta":{"_et_pb_use_builder":"on","_et_pb_old_content":"","_et_gb_content_width":"","_joinchat":[],"footnotes":""},"class_list":["post-227","page","type-page","status-publish","hentry"],"yoast_head":"<!-- This site is optimized with the Yoast SEO plugin v25.9 - https:\/\/yoast.com\/wordpress\/plugins\/seo\/ -->\n<title>Internet Asim\u00e9trico - Telconet S.A<\/title>\n<meta name=\"robots\" content=\"index, follow, max-snippet:-1, max-image-preview:large, max-video-preview:-1\" \/>\n<link rel=\"canonical\" href=\"https:\/\/telconet.com.ar\/?page_id=227\" \/>\n<meta property=\"og:locale\" content=\"en_US\" \/>\n<meta property=\"og:type\" content=\"article\" \/>\n<meta property=\"og:title\" content=\"Internet Asim\u00e9trico - Telconet S.A\" \/>\n<meta property=\"og:description\" content=\"INTERNET ASIM\u00c9TRICO\u00a0 Servicio de Internet asim\u00e9tricoEn la actualidad, el hecho de poseer una conexi\u00f3n a Internet es a\u00fan de mayor necesidad que una l\u00ednea telef\u00f3nica, ya sea en el hogar como en el \u00e1mbito empresarial. En el caso de las soluciones de Internet para empresas, los productos difieren sustancialmente de los que se ofrecen para [&hellip;]\" \/>\n<meta property=\"og:url\" content=\"https:\/\/telconet.com.ar\/?page_id=227\" \/>\n<meta property=\"og:site_name\" content=\"Telconet S.A\" \/>\n<meta property=\"article:publisher\" content=\"https:\/\/www.facebook.com\/telconet.com.ar\/\" \/>\n<meta property=\"article:modified_time\" content=\"2025-08-22T18:57:02+00:00\" \/>\n<meta name=\"twitter:card\" content=\"summary_large_image\" \/>\n<meta name=\"twitter:label1\" content=\"Est. reading time\" \/>\n\t<meta name=\"twitter:data1\" content=\"5 minutes\" \/>\n<script type=\"application\/ld+json\" class=\"yoast-schema-graph\">{\"@context\":\"https:\/\/schema.org\",\"@graph\":[{\"@type\":\"WebPage\",\"@id\":\"https:\/\/telconet.com.ar\/?page_id=227\",\"url\":\"https:\/\/telconet.com.ar\/?page_id=227\",\"name\":\"Internet Asim\u00e9trico - Telconet S.A\",\"isPartOf\":{\"@id\":\"https:\/\/telconet.com.ar\/#website\"},\"datePublished\":\"2024-06-22T03:08:11+00:00\",\"dateModified\":\"2025-08-22T18:57:02+00:00\",\"breadcrumb\":{\"@id\":\"https:\/\/telconet.com.ar\/?page_id=227#breadcrumb\"},\"inLanguage\":\"en-US\",\"potentialAction\":[{\"@type\":\"ReadAction\",\"target\":[\"https:\/\/telconet.com.ar\/?page_id=227\"]}]},{\"@type\":\"BreadcrumbList\",\"@id\":\"https:\/\/telconet.com.ar\/?page_id=227#breadcrumb\",\"itemListElement\":[{\"@type\":\"ListItem\",\"position\":1,\"name\":\"Home\",\"item\":\"https:\/\/telconet.com.ar\/\"},{\"@type\":\"ListItem\",\"position\":2,\"name\":\"Internet Asim\u00e9trico\"}]},{\"@type\":\"WebSite\",\"@id\":\"https:\/\/telconet.com.ar\/#website\",\"url\":\"https:\/\/telconet.com.ar\/\",\"name\":\"Telconet S.A\",\"description\":\"Internet de calidad\",\"publisher\":{\"@id\":\"https:\/\/telconet.com.ar\/#organization\"},\"potentialAction\":[{\"@type\":\"SearchAction\",\"target\":{\"@type\":\"EntryPoint\",\"urlTemplate\":\"https:\/\/telconet.com.ar\/?s={search_term_string}\"},\"query-input\":{\"@type\":\"PropertyValueSpecification\",\"valueRequired\":true,\"valueName\":\"search_term_string\"}}],\"inLanguage\":\"en-US\"},{\"@type\":\"Organization\",\"@id\":\"https:\/\/telconet.com.ar\/#organization\",\"name\":\"Telconet S.A\",\"url\":\"https:\/\/telconet.com.ar\/\",\"logo\":{\"@type\":\"ImageObject\",\"inLanguage\":\"en-US\",\"@id\":\"https:\/\/telconet.com.ar\/#\/schema\/logo\/image\/\",\"url\":\"https:\/\/telconet.com.ar\/wp-content\/uploads\/2024\/06\/telconet-logo-2023.png\",\"contentUrl\":\"https:\/\/telconet.com.ar\/wp-content\/uploads\/2024\/06\/telconet-logo-2023.png\",\"width\":2577,\"height\":447,\"caption\":\"Telconet S.A\"},\"image\":{\"@id\":\"https:\/\/telconet.com.ar\/#\/schema\/logo\/image\/\"},\"sameAs\":[\"https:\/\/www.facebook.com\/telconet.com.ar\/\",\"https:\/\/www.instagram.com\/telconet.argentina\/\"]}]}<\/script>\n<!-- \/ Yoast SEO plugin. -->","yoast_head_json":{"title":"Internet Asim\u00e9trico - Telconet S.A","robots":{"index":"index","follow":"follow","max-snippet":"max-snippet:-1","max-image-preview":"max-image-preview:large","max-video-preview":"max-video-preview:-1"},"canonical":"https:\/\/telconet.com.ar\/?page_id=227","og_locale":"en_US","og_type":"article","og_title":"Internet Asim\u00e9trico - Telconet S.A","og_description":"INTERNET ASIM\u00c9TRICO\u00a0 Servicio de Internet asim\u00e9tricoEn la actualidad, el hecho de poseer una conexi\u00f3n a Internet es a\u00fan de mayor necesidad que una l\u00ednea telef\u00f3nica, ya sea en el hogar como en el \u00e1mbito empresarial. En el caso de las soluciones de Internet para empresas, los productos difieren sustancialmente de los que se ofrecen para [&hellip;]","og_url":"https:\/\/telconet.com.ar\/?page_id=227","og_site_name":"Telconet S.A","article_publisher":"https:\/\/www.facebook.com\/telconet.com.ar\/","article_modified_time":"2025-08-22T18:57:02+00:00","twitter_card":"summary_large_image","twitter_misc":{"Est. reading time":"5 minutes"},"schema":{"@context":"https:\/\/schema.org","@graph":[{"@type":"WebPage","@id":"https:\/\/telconet.com.ar\/?page_id=227","url":"https:\/\/telconet.com.ar\/?page_id=227","name":"Internet Asim\u00e9trico - Telconet S.A","isPartOf":{"@id":"https:\/\/telconet.com.ar\/#website"},"datePublished":"2024-06-22T03:08:11+00:00","dateModified":"2025-08-22T18:57:02+00:00","breadcrumb":{"@id":"https:\/\/telconet.com.ar\/?page_id=227#breadcrumb"},"inLanguage":"en-US","potentialAction":[{"@type":"ReadAction","target":["https:\/\/telconet.com.ar\/?page_id=227"]}]},{"@type":"BreadcrumbList","@id":"https:\/\/telconet.com.ar\/?page_id=227#breadcrumb","itemListElement":[{"@type":"ListItem","position":1,"name":"Home","item":"https:\/\/telconet.com.ar\/"},{"@type":"ListItem","position":2,"name":"Internet Asim\u00e9trico"}]},{"@type":"WebSite","@id":"https:\/\/telconet.com.ar\/#website","url":"https:\/\/telconet.com.ar\/","name":"Telconet S.A","description":"Internet de calidad","publisher":{"@id":"https:\/\/telconet.com.ar\/#organization"},"potentialAction":[{"@type":"SearchAction","target":{"@type":"EntryPoint","urlTemplate":"https:\/\/telconet.com.ar\/?s={search_term_string}"},"query-input":{"@type":"PropertyValueSpecification","valueRequired":true,"valueName":"search_term_string"}}],"inLanguage":"en-US"},{"@type":"Organization","@id":"https:\/\/telconet.com.ar\/#organization","name":"Telconet S.A","url":"https:\/\/telconet.com.ar\/","logo":{"@type":"ImageObject","inLanguage":"en-US","@id":"https:\/\/telconet.com.ar\/#\/schema\/logo\/image\/","url":"https:\/\/telconet.com.ar\/wp-content\/uploads\/2024\/06\/telconet-logo-2023.png","contentUrl":"https:\/\/telconet.com.ar\/wp-content\/uploads\/2024\/06\/telconet-logo-2023.png","width":2577,"height":447,"caption":"Telconet S.A"},"image":{"@id":"https:\/\/telconet.com.ar\/#\/schema\/logo\/image\/"},"sameAs":["https:\/\/www.facebook.com\/telconet.com.ar\/","https:\/\/www.instagram.com\/telconet.argentina\/"]}]}},"_links":{"self":[{"href":"https:\/\/telconet.com.ar\/index.php?rest_route=\/wp\/v2\/pages\/227","targetHints":{"allow":["GET"]}}],"collection":[{"href":"https:\/\/telconet.com.ar\/index.php?rest_route=\/wp\/v2\/pages"}],"about":[{"href":"https:\/\/telconet.com.ar\/index.php?rest_route=\/wp\/v2\/types\/page"}],"author":[{"embeddable":true,"href":"https:\/\/telconet.com.ar\/index.php?rest_route=\/wp\/v2\/users\/1"}],"replies":[{"embeddable":true,"href":"https:\/\/telconet.com.ar\/index.php?rest_route=%2Fwp%2Fv2%2Fcomments&post=227"}],"version-history":[{"count":6,"href":"https:\/\/telconet.com.ar\/index.php?rest_route=\/wp\/v2\/pages\/227\/revisions"}],"predecessor-version":[{"id":430,"href":"https:\/\/telconet.com.ar\/index.php?rest_route=\/wp\/v2\/pages\/227\/revisions\/430"}],"wp:attachment":[{"href":"https:\/\/telconet.com.ar\/index.php?rest_route=%2Fwp%2Fv2%2Fmedia&parent=227"}],"curies":[{"name":"wp","href":"https:\/\/api.w.org\/{rel}","templated":true}]}}